{"id":111,"date":"2022-05-23T05:21:52","date_gmt":"2022-05-23T05:21:52","guid":{"rendered":"https:\/\/elmetalplus.az\/?page_id=111"},"modified":"2024-08-20T13:39:36","modified_gmt":"2024-08-20T13:39:36","slug":"karyera","status":"publish","type":"page","link":"https:\/\/elmetalplus.az\/ru\/karyera\/","title":{"rendered":"\u041a\u0410\u0420\u042c\u0415\u0420\u0410"},"content":{"rendered":"<div data-elementor-type=\"wp-page\" data-elementor-id=\"111\" class=\"elementor elementor-111\">\n\t\t\t\t\t\t<section class=\"elementor-section elementor-top-section elementor-element elementor-element-2eef7ee elementor-section-full_width elementor-section-stretched elementor-section-height-default elementor-section-height-default\" data-id=\"2eef7ee\" data-element_type=\"section\" data-settings=\"{&quot;stretch_section&quot;:&quot;section-stretched&quot;}\">\n\t\t\t\t\t\t<div class=\"elementor-container elementor-column-gap-no\">\n\t\t\t\t\t<div class=\"elementor-column elementor-col-100 elementor-top-column elementor-element elementor-element-0d12931\" data-id=\"0d12931\" data-element_type=\"column\">\n\t\t\t<div class=\"elementor-widget-wrap elementor-element-populated\">\n\t\t\t\t\t\t<div class=\"elementor-element elementor-element-7d7630b elementor--h-position-center elementor--v-position-middle elementor-widget elementor-widget-slides\" data-id=\"7d7630b\" data-element_type=\"widget\" data-settings=\"{&quot;navigation&quot;:&quot;none&quot;,&quot;autoplay&quot;:&quot;yes&quot;,&quot;pause_on_hover&quot;:&quot;yes&quot;,&quot;pause_on_interaction&quot;:&quot;yes&quot;,&quot;autoplay_speed&quot;:5000,&quot;infinite&quot;:&quot;yes&quot;,&quot;transition&quot;:&quot;slide&quot;,&quot;transition_speed&quot;:500}\" data-widget_type=\"slides.default\">\n\t\t\t\t<div class=\"elementor-widget-container\">\n\t\t\t\t\t\t\t<div class=\"elementor-swiper\">\n\t\t\t<div class=\"elementor-slides-wrapper elementor-main-swiper swiper-container\" dir=\"ltr\" data-animation=\"fadeInDown\">\n\t\t\t\t<div class=\"swiper-wrapper elementor-slides\">\n\t\t\t\t\t\t\t\t\t\t<div class=\"elementor-repeater-item-6dffde4 swiper-slide\"><div class=\"swiper-slide-bg elementor-ken-burns elementor-ken-burns--out\"><\/div><div class=\"elementor-background-overlay\"><\/div><a class=\"swiper-slide-inner\" href=\"#karyera\"><div class=\"swiper-slide-contents\"><div class=\"elementor-slide-description\">\u0412 \u0417\u0410\u041e \u00ab\u042d\u043b\u044c \u041c\u0435\u0442\u0430\u043b\u043b \u041f\u043b\u044e\u0441\u00bb \u043c\u044b \u0440\u0435\u0430\u043b\u0438\u0437\u0443\u0435\u043c \u043d\u0430\u0448\u0443 \u043a\u0430\u0434\u0440\u043e\u0432\u0443\u044e \u043f\u043e\u043b\u0438\u0442\u0438\u043a\u0443, \u043e\u0441\u043d\u043e\u0432\u0430\u043d\u043d\u0443\u044e \u043d\u0430 \u043f\u0440\u0438\u043d\u0446\u0438\u043f\u0435 \u0441\u043e\u043e\u0442\u0432\u0435\u0442\u0441\u0442\u0432\u0438\u044f \u0441\u043e\u043e\u0442\u0432\u0435\u0442\u0441\u0442\u0432\u0443\u044e\u0449\u0435\u0433\u043e \u0440\u0430\u0431\u043e\u0442\u043d\u0438\u043a\u0430 \u0441\u043e\u043e\u0442\u0432\u0435\u0442\u0441\u0442\u0432\u0443\u044e\u0449\u0435\u0439 \u0434\u043e\u043b\u0436\u043d\u043e\u0441\u0442\u0438. \u0421 \u044d\u0442\u043e\u0439 \u0446\u0435\u043b\u044c\u044e \u0432 \u043e\u0441\u043d\u043e\u0432\u0443 \u043d\u0430\u0448\u0435\u0439 \u0434\u0435\u044f\u0442\u0435\u043b\u044c\u043d\u043e\u0441\u0442\u0438 \u043b\u0435\u0433\u043b\u0438 \u0441\u043b\u0435\u0434\u0443\u044e\u0449\u0438\u0435 \u043d\u0430\u043f\u0440\u0430\u0432\u043b\u0435\u043d\u0438\u044f:<\/div><div  class=\"elementor-button elementor-slide-button elementor-size-sm\">\u0427\u0438\u0442\u0430\u0442\u044c \u0434\u0430\u043b\u0435\u0435<\/div><\/div><\/a><\/div>\t\t\t\t<\/div>\n\t\t\t\t\t\t\t<\/div>\n\t\t<\/div>\n\t\t\t\t\t\t<\/div>\n\t\t\t\t<\/div>\n\t\t\t\t\t<\/div>\n\t\t<\/div>\n\t\t\t\t\t<\/div>\n\t\t<\/section>\n\t\t\t\t<section class=\"elementor-section elementor-top-section elementor-element elementor-element-9fae844 elementor-section-boxed elementor-section-height-default elementor-section-height-default\" data-id=\"9fae844\" data-element_type=\"section\">\n\t\t\t\t\t\t<div class=\"elementor-container elementor-column-gap-default\">\n\t\t\t\t\t<div class=\"elementor-column elementor-col-100 elementor-top-column elementor-element elementor-element-687bbf4\" data-id=\"687bbf4\" data-element_type=\"column\">\n\t\t\t<div class=\"elementor-widget-wrap elementor-element-populated\">\n\t\t\t\t\t\t<div class=\"elementor-element elementor-element-a46148f elementor-widget elementor-widget-spacer\" data-id=\"a46148f\" data-element_type=\"widget\" data-widget_type=\"spacer.default\">\n\t\t\t\t<div class=\"elementor-widget-container\">\n\t\t\t\t\t\t\t<div class=\"elementor-spacer\">\n\t\t\t<div class=\"elementor-spacer-inner\"><\/div>\n\t\t<\/div>\n\t\t\t\t\t\t<\/div>\n\t\t\t\t<\/div>\n\t\t\t\t<div class=\"elementor-element elementor-element-f8e85ed elementor-widget elementor-widget-heading\" data-id=\"f8e85ed\" data-element_type=\"widget\" data-widget_type=\"heading.default\">\n\t\t\t\t<div class=\"elementor-widget-container\">\n\t\t\t\t\t<h2 class=\"elementor-heading-title elementor-size-default\">\u041a\u0410\u0420\u042c\u0415\u0420\u0410<\/h2>\t\t\t\t<\/div>\n\t\t\t\t<\/div>\n\t\t\t\t<div class=\"elementor-element elementor-element-2b88bfa elementor-widget elementor-widget-spacer\" data-id=\"2b88bfa\" data-element_type=\"widget\" data-widget_type=\"spacer.default\">\n\t\t\t\t<div class=\"elementor-widget-container\">\n\t\t\t\t\t\t\t<div class=\"elementor-spacer\">\n\t\t\t<div class=\"elementor-spacer-inner\"><\/div>\n\t\t<\/div>\n\t\t\t\t\t\t<\/div>\n\t\t\t\t<\/div>\n\t\t\t\t<div class=\"elementor-element elementor-element-6fdefa8 elementor-widget elementor-widget-menu-anchor\" data-id=\"6fdefa8\" data-element_type=\"widget\" data-widget_type=\"menu-anchor.default\">\n\t\t\t\t<div class=\"elementor-widget-container\">\n\t\t\t\t\t\t\t<div class=\"elementor-menu-anchor\" id=\"karyera\"><\/div>\n\t\t\t\t\t\t<\/div>\n\t\t\t\t<\/div>\n\t\t\t\t\t<\/div>\n\t\t<\/div>\n\t\t\t\t\t<\/div>\n\t\t<\/section>\n\t\t\t\t<section class=\"elementor-section elementor-top-section elementor-element elementor-element-9c1c3d5 elementor-section-boxed elementor-section-height-default elementor-section-height-default\" data-id=\"9c1c3d5\" data-element_type=\"section\">\n\t\t\t\t\t\t<div class=\"elementor-container elementor-column-gap-default\">\n\t\t\t\t\t<div class=\"elementor-column elementor-col-50 elementor-top-column elementor-element elementor-element-9efc897\" data-id=\"9efc897\" data-element_type=\"column\">\n\t\t\t<div class=\"elementor-widget-wrap elementor-element-populated\">\n\t\t\t\t\t\t<div class=\"elementor-element elementor-element-9ba539b elementor-widget elementor-widget-text-editor\" data-id=\"9ba539b\" data-element_type=\"widget\" data-widget_type=\"text-editor.default\">\n\t\t\t\t<div class=\"elementor-widget-container\">\n\t\t\t\t\t\t\t\t\t<p>\u00a0<\/p><ul><li>\u043f\u043b\u0430\u043d\u0438\u0440\u043e\u0432\u0430\u043d\u0438\u0435 \u0447\u0435\u043b\u043e\u0432\u0435\u0447\u0435\u0441\u043a\u0438\u0445 \u0440\u0435\u0441\u0443\u0440\u0441\u043e\u0432;<\/li><li>\u041a\u043e\u043d\u043a\u0443\u0440\u0441\u043d\u044b\u0439 \u043e\u0442\u0431\u043e\u0440 \u043a\u0430\u043d\u0434\u0438\u0434\u0430\u0442\u043e\u0432;<\/li><li>\u0420\u0430\u0437\u0432\u0438\u0442\u0438\u0435 \u0437\u043d\u0430\u043d\u0438\u0439 \u0438 \u043d\u0430\u0432\u044b\u043a\u043e\u0432 \u043d\u0430\u0448\u0438\u0445 \u0441\u043e\u0442\u0440\u0443\u0434\u043d\u0438\u043a\u043e\u0432;<\/li><li>\u043e\u0446\u0435\u043d\u043a\u0430 \u044d\u0444\u0444\u0435\u043a\u0442\u0438\u0432\u043d\u043e\u0441\u0442\u0438 \u0443\u0441\u043b\u0443\u0433;<\/li><li>\u041f\u043e\u0432\u044b\u0448\u0435\u043d\u0438\u0435 \u0441\u043e\u0446\u0438\u0430\u043b\u044c\u043d\u043e\u0439 \u0437\u0430\u0449\u0438\u0449\u0435\u043d\u043d\u043e\u0441\u0442\u0438 \u043f\u0435\u0440\u0441\u043e\u043d\u0430\u043b\u0430, \u043f\u043e\u043e\u0449\u0440\u0435\u043d\u0438\u0439;<\/li><li>\u041e\u0431\u0435\u0441\u043f\u0435\u0447\u0435\u043d\u0438\u0435 \u0431\u0435\u0437\u043e\u043f\u0430\u0441\u043d\u044b\u0445 \u0438 \u0437\u0434\u043e\u0440\u043e\u0432\u044b\u0445 \u0443\u0441\u043b\u043e\u0432\u0438\u0439 \u0442\u0440\u0443\u0434\u0430.<\/li><\/ul>\t\t\t\t\t\t\t\t<\/div>\n\t\t\t\t<\/div>\n\t\t\t\t\t<\/div>\n\t\t<\/div>\n\t\t\t\t<div class=\"elementor-column elementor-col-50 elementor-top-column elementor-element elementor-element-024e9c3\" data-id=\"024e9c3\" data-element_type=\"column\">\n\t\t\t<div class=\"elementor-widget-wrap elementor-element-populated\">\n\t\t\t\t\t\t<div class=\"elementor-element elementor-element-4a65bf9 elementor-widget elementor-widget-image\" data-id=\"4a65bf9\" data-element_type=\"widget\" data-widget_type=\"image.default\">\n\t\t\t\t<div class=\"elementor-widget-container\">\n\t\t\t\t\t\t\t\t\t\t\t\t\t\t\t<img fetchpriority=\"high\" decoding=\"async\" width=\"1100\" height=\"688\" src=\"https:\/\/elmetalplus.az\/wp-content\/uploads\/2022\/05\/1393442-1280x800.jpg\" class=\"attachment-large size-large wp-image-470\" alt=\"\" srcset=\"https:\/\/elmetalplus.az\/wp-content\/uploads\/2022\/05\/1393442-1280x800.jpg 1280w, https:\/\/elmetalplus.az\/wp-content\/uploads\/2022\/05\/1393442-640x400.jpg 640w, https:\/\/elmetalplus.az\/wp-content\/uploads\/2022\/05\/1393442-1024x640.jpg 1024w, https:\/\/elmetalplus.az\/wp-content\/uploads\/2022\/05\/1393442-1536x960.jpg 1536w, https:\/\/elmetalplus.az\/wp-content\/uploads\/2022\/05\/1393442.jpg 1920w\" sizes=\"(max-width: 1100px) 100vw, 1100px\" \/>\t\t\t\t\t\t\t\t\t\t\t\t\t\t\t<\/div>\n\t\t\t\t<\/div>\n\t\t\t\t\t<\/div>\n\t\t<\/div>\n\t\t\t\t\t<\/div>\n\t\t<\/section>\n\t\t\t\t<section class=\"elementor-section elementor-top-section elementor-element elementor-element-914f731 elementor-section-boxed elementor-section-height-default elementor-section-height-default\" data-id=\"914f731\" data-element_type=\"section\">\n\t\t\t\t\t\t<div class=\"elementor-container elementor-column-gap-default\">\n\t\t\t\t\t<div class=\"elementor-column elementor-col-100 elementor-top-column elementor-element elementor-element-bddb2e9\" data-id=\"bddb2e9\" data-element_type=\"column\">\n\t\t\t<div class=\"elementor-widget-wrap elementor-element-populated\">\n\t\t\t\t\t\t<div class=\"elementor-element elementor-element-99d7022 elementor-widget elementor-widget-spacer\" data-id=\"99d7022\" data-element_type=\"widget\" data-widget_type=\"spacer.default\">\n\t\t\t\t<div class=\"elementor-widget-container\">\n\t\t\t\t\t\t\t<div class=\"elementor-spacer\">\n\t\t\t<div class=\"elementor-spacer-inner\"><\/div>\n\t\t<\/div>\n\t\t\t\t\t\t<\/div>\n\t\t\t\t<\/div>\n\t\t\t\t<div class=\"elementor-element elementor-element-332eaad elementor-widget elementor-widget-text-editor\" data-id=\"332eaad\" data-element_type=\"widget\" data-widget_type=\"text-editor.default\">\n\t\t\t\t<div class=\"elementor-widget-container\">\n\t\t\t\t\t\t\t\t\t<p>\u0412 \u0417\u0410\u041e \u00ab\u042d\u043b\u044c \u041c\u0435\u0442\u0430\u043b\u043b \u041f\u043b\u044e\u0441\u00bb \u0434\u0435\u0439\u0441\u0442\u0432\u0443\u0435\u0442 \u0423\u0447\u0435\u0431\u043d\u044b\u0439 \u0446\u0435\u043d\u0442\u0440 \u043f\u043e \u043e\u0431\u0443\u0447\u0435\u043d\u0438\u044e \u0432 \u043e\u0431\u043b\u0430\u0441\u0442\u0438 \u043e\u0445\u0440\u0430\u043d\u044b \u0442\u0440\u0443\u0434\u0430, \u0442\u0435\u0445\u043d\u0438\u043a\u0438 \u0431\u0435\u0437\u043e\u043f\u0430\u0441\u043d\u043e\u0441\u0442\u0438 \u0438 \u044d\u043a\u043e\u043b\u043e\u0433\u0438\u0447\u0435\u0441\u043a\u0438\u0445 \u043d\u043e\u0440\u043c \u0438 \u0441\u0442\u0430\u043d\u0434\u0430\u0440\u0442\u043e\u0432. \u041a\u0430\u0436\u0434\u044b\u0439 \u043f\u0440\u0438\u043d\u044f\u0442\u044b\u0439 \u043d\u0430 \u0440\u0430\u0431\u043e\u0442\u0443 \u0441\u043e\u0442\u0440\u0443\u0434\u043d\u0438\u043a \u043f\u0440\u043e\u0445\u043e\u0434\u0438\u0442 \u0438\u043d\u0441\u0442\u0440\u0443\u043a\u0442\u0430\u0436 \u0432 \u0446\u0435\u043d\u0442\u0440\u0435, \u0443\u0447\u0430\u0441\u0442\u0432\u0443\u0435\u0442 \u0432 \u043f\u0440\u043e\u0446\u0435\u0441\u0441\u0435 \u043e\u0431\u0443\u0447\u0435\u043d\u0438\u044f, \u043f\u043e\u0441\u043b\u0435 \u0447\u0435\u0433\u043e \u043f\u0440\u0438\u0441\u0442\u0443\u043f\u0430\u0435\u0442 \u043a \u0440\u0430\u0431\u043e\u0442\u0435.<\/p>\t\t\t\t\t\t\t\t<\/div>\n\t\t\t\t<\/div>\n\t\t\t\t\t<\/div>\n\t\t<\/div>\n\t\t\t\t\t<\/div>\n\t\t<\/section>\n\t\t\t\t<section class=\"elementor-section elementor-top-section elementor-element elementor-element-8d2e055 elementor-section-boxed elementor-section-height-default elementor-section-height-default\" data-id=\"8d2e055\" data-element_type=\"section\">\n\t\t\t\t\t\t<div class=\"elementor-container elementor-column-gap-default\">\n\t\t\t\t\t<div class=\"elementor-column elementor-col-100 elementor-top-column elementor-element elementor-element-c26bc1f\" data-id=\"c26bc1f\" data-element_type=\"column\">\n\t\t\t<div class=\"elementor-widget-wrap elementor-element-populated\">\n\t\t\t\t\t\t<div class=\"elementor-element elementor-element-b0ae785 elementor-widget elementor-widget-text-editor\" data-id=\"b0ae785\" data-element_type=\"widget\" data-widget_type=\"text-editor.default\">\n\t\t\t\t<div class=\"elementor-widget-container\">\n\t\t\t\t\t\t\t\t\t<p>\u0421\u0432\u044f\u0436\u0438\u0442\u0435\u0441\u044c \u0441 \u043e\u0442\u0434\u0435\u043b\u043e\u043c \u043a\u0430\u0434\u0440\u043e\u0432: <br \/><strong>Email: hr@elmetalplus.az<\/strong><\/p>\t\t\t\t\t\t\t\t<\/div>\n\t\t\t\t<\/div>\n\t\t\t\t<div class=\"elementor-element elementor-element-096481f elementor-widget elementor-widget-spacer\" data-id=\"096481f\" data-element_type=\"widget\" data-widget_type=\"spacer.default\">\n\t\t\t\t<div class=\"elementor-widget-container\">\n\t\t\t\t\t\t\t<div class=\"elementor-spacer\">\n\t\t\t<div class=\"elementor-spacer-inner\"><\/div>\n\t\t<\/div>\n\t\t\t\t\t\t<\/div>\n\t\t\t\t<\/div>\n\t\t\t\t\t<\/div>\n\t\t<\/div>\n\t\t\t\t\t<\/div>\n\t\t<\/section>\n\t\t\t\t<section class=\"elementor-section elementor-top-section elementor-element elementor-element-210c079 elementor-section-boxed elementor-section-height-default elementor-section-height-default\" data-id=\"210c079\" data-element_type=\"section\">\n\t\t\t\t\t\t<div class=\"elementor-container elementor-column-gap-default\">\n\t\t\t\t\t<div class=\"elementor-column elementor-col-100 elementor-top-column elementor-element elementor-element-e548a3d\" data-id=\"e548a3d\" data-element_type=\"column\">\n\t\t\t<div class=\"elementor-widget-wrap elementor-element-populated\">\n\t\t\t\t\t\t<div class=\"elementor-element elementor-element-b20230e elementor-widget elementor-widget-heading\" data-id=\"b20230e\" data-element_type=\"widget\" data-widget_type=\"heading.default\">\n\t\t\t\t<div class=\"elementor-widget-container\">\n\t\t\t\t\t<h2 class=\"elementor-heading-title elementor-size-default\">\u0410\u0434\u0440\u0435\u0441 \u0438 \u043a\u043e\u043d\u0442\u0430\u043a\u0442\u044b<\/h2>\t\t\t\t<\/div>\n\t\t\t\t<\/div>\n\t\t\t\t<div class=\"elementor-element elementor-element-b52f87b elementor-widget elementor-widget-spacer\" data-id=\"b52f87b\" data-element_type=\"widget\" data-widget_type=\"spacer.default\">\n\t\t\t\t<div class=\"elementor-widget-container\">\n\t\t\t\t\t\t\t<div class=\"elementor-spacer\">\n\t\t\t<div class=\"elementor-spacer-inner\"><\/div>\n\t\t<\/div>\n\t\t\t\t\t\t<\/div>\n\t\t\t\t<\/div>\n\t\t\t\t\t<\/div>\n\t\t<\/div>\n\t\t\t\t\t<\/div>\n\t\t<\/section>\n\t\t\t\t<section class=\"elementor-section elementor-top-section elementor-element elementor-element-b77fd08 elementor-section-full_width elementor-section-stretched elementor-section-height-default elementor-section-height-default\" data-id=\"b77fd08\" data-element_type=\"section\" data-settings=\"{&quot;stretch_section&quot;:&quot;section-stretched&quot;}\">\n\t\t\t\t\t\t<div class=\"elementor-container elementor-column-gap-default\">\n\t\t\t\t\t<div class=\"elementor-column elementor-col-50 elementor-top-column elementor-element elementor-element-eb53ca3\" data-id=\"eb53ca3\" data-element_type=\"column\">\n\t\t\t<div class=\"elementor-widget-wrap elementor-element-populated\">\n\t\t\t\t\t\t<div class=\"elementor-element elementor-element-55c1521 elementor-view-default elementor-widget elementor-widget-icon\" data-id=\"55c1521\" data-element_type=\"widget\" data-widget_type=\"icon.default\">\n\t\t\t\t<div class=\"elementor-widget-container\">\n\t\t\t\t\t\t\t<div class=\"elementor-icon-wrapper\">\n\t\t\t<div class=\"elementor-icon\">\n\t\t\t<i aria-hidden=\"true\" class=\"fas fa-phone-alt\"><\/i>\t\t\t<\/div>\n\t\t<\/div>\n\t\t\t\t\t\t<\/div>\n\t\t\t\t<\/div>\n\t\t\t\t<div class=\"elementor-element elementor-element-179e615 elementor-widget elementor-widget-text-editor\" data-id=\"179e615\" data-element_type=\"widget\" data-widget_type=\"text-editor.default\">\n\t\t\t\t<div class=\"elementor-widget-container\">\n\t\t\t\t\t\t\t\t\t<p>+994 10 252 62 62<\/p>\t\t\t\t\t\t\t\t<\/div>\n\t\t\t\t<\/div>\n\t\t\t\t<div class=\"elementor-element elementor-element-4018040 elementor-view-default elementor-widget elementor-widget-icon\" data-id=\"4018040\" data-element_type=\"widget\" data-widget_type=\"icon.default\">\n\t\t\t\t<div class=\"elementor-widget-container\">\n\t\t\t\t\t\t\t<div class=\"elementor-icon-wrapper\">\n\t\t\t<div class=\"elementor-icon\">\n\t\t\t<i aria-hidden=\"true\" class=\"fas fa-mail-bulk\"><\/i>\t\t\t<\/div>\n\t\t<\/div>\n\t\t\t\t\t\t<\/div>\n\t\t\t\t<\/div>\n\t\t\t\t<div class=\"elementor-element elementor-element-c58e1f2 elementor-widget elementor-widget-text-editor\" data-id=\"c58e1f2\" data-element_type=\"widget\" data-widget_type=\"text-editor.default\">\n\t\t\t\t<div class=\"elementor-widget-container\">\n\t\t\t\t\t\t\t\t\tinfo@elmetalplus.az\t\t\t\t\t\t\t\t<\/div>\n\t\t\t\t<\/div>\n\t\t\t\t<div class=\"elementor-element elementor-element-27c1eb4 elementor-view-default elementor-widget elementor-widget-icon\" data-id=\"27c1eb4\" data-element_type=\"widget\" data-widget_type=\"icon.default\">\n\t\t\t\t<div class=\"elementor-widget-container\">\n\t\t\t\t\t\t\t<div class=\"elementor-icon-wrapper\">\n\t\t\t<div class=\"elementor-icon\">\n\t\t\t<i aria-hidden=\"true\" class=\"fas fa-location-arrow\"><\/i>\t\t\t<\/div>\n\t\t<\/div>\n\t\t\t\t\t\t<\/div>\n\t\t\t\t<\/div>\n\t\t\t\t<div class=\"elementor-element elementor-element-bf0c88b elementor-widget elementor-widget-text-editor\" data-id=\"bf0c88b\" data-element_type=\"widget\" data-widget_type=\"text-editor.default\">\n\t\t\t\t<div class=\"elementor-widget-container\">\n\t\t\t\t\t\t\t\t\t<p>\u0413\u043e\u0440\u043e\u0434 \u0411\u0430\u043a\u0443, \u0413\u0430\u0440\u0430\u0434\u0430\u0433\u0441\u043a\u0438\u0439 \u0440\u0430\u0439\u043e\u043d,<br \/>\u043f\u043e\u0441\u0435\u043b\u043e\u043a \u0413\u043e\u0431\u0443\u0441\u0442\u0430\u043d,<br \/>\u0421\u0430\u043b\u044c\u044f\u043d\u0441\u043a\u043e\u0435 \u0448\u043e\u0441\u0441\u0435, AZ1080<\/p><p>Baki \u015f\u0259h\u0259ri, Yasamal rayonu, Bakixanov k\u00fc\u00e7\u0259si 2<\/p>\t\t\t\t\t\t\t\t<\/div>\n\t\t\t\t<\/div>\n\t\t\t\t\t<\/div>\n\t\t<\/div>\n\t\t\t\t<div class=\"elementor-column elementor-col-50 elementor-top-column elementor-element elementor-element-9251ac1\" data-id=\"9251ac1\" data-element_type=\"column\">\n\t\t\t<div class=\"elementor-widget-wrap elementor-element-populated\">\n\t\t\t\t\t\t<div class=\"elementor-element elementor-element-63bcc09 elementor-widget elementor-widget-google_maps\" data-id=\"63bcc09\" data-element_type=\"widget\" data-widget_type=\"google_maps.default\">\n\t\t\t\t<div class=\"elementor-widget-container\">\n\t\t\t\t\t\t\t<div class=\"elementor-custom-embed\">\n\t\t\t<iframe loading=\"lazy\"\n\t\t\t\t\tsrc=\"https:\/\/maps.google.com\/maps?q=40%C2%B005%2705.0%22N%2049%C2%B023%2745.6%22E&#038;t=m&#038;z=13&#038;output=embed&#038;iwloc=near\"\n\t\t\t\t\ttitle=\"40\u00b005&#039;05.0&quot;N 49\u00b023&#039;45.6&quot;E\"\n\t\t\t\t\taria-label=\"40\u00b005&#039;05.0&quot;N 49\u00b023&#039;45.6&quot;E\"\n\t\t\t><\/iframe>\n\t\t<\/div>\n\t\t\t\t\t\t<\/div>\n\t\t\t\t<\/div>\n\t\t\t\t\t<\/div>\n\t\t<\/div>\n\t\t\t\t\t<\/div>\n\t\t<\/section>\n\t\t\t\t<section class=\"elementor-section elementor-top-section elementor-element elementor-element-35446e8 elementor-section-boxed elementor-section-height-default elementor-section-height-default\" data-id=\"35446e8\" data-element_type=\"section\">\n\t\t\t\t\t\t<div class=\"elementor-container elementor-column-gap-default\">\n\t\t\t\t\t<div class=\"elementor-column elementor-col-100 elementor-top-column elementor-element elementor-element-4903ab3\" data-id=\"4903ab3\" data-element_type=\"column\">\n\t\t\t<div class=\"elementor-widget-wrap elementor-element-populated\">\n\t\t\t\t\t\t<div class=\"elementor-element elementor-element-3051294 elementor-widget elementor-widget-spacer\" data-id=\"3051294\" data-element_type=\"widget\" data-widget_type=\"spacer.default\">\n\t\t\t\t<div class=\"elementor-widget-container\">\n\t\t\t\t\t\t\t<div class=\"elementor-spacer\">\n\t\t\t<div class=\"elementor-spacer-inner\"><\/div>\n\t\t<\/div>\n\t\t\t\t\t\t<\/div>\n\t\t\t\t<\/div>\n\t\t\t\t\t<\/div>\n\t\t<\/div>\n\t\t\t\t\t<\/div>\n\t\t<\/section>\n\t\t\t\t<section class=\"elementor-section elementor-top-section elementor-element elementor-element-eaba079 elementor-section-full_width elementor-section-stretched elementor-hidden-tablet elementor-hidden-mobile elementor-section-height-default elementor-section-height-default\" data-id=\"eaba079\" data-element_type=\"section\" data-settings=\"{&quot;stretch_section&quot;:&quot;section-stretched&quot;,&quot;background_background&quot;:&quot;classic&quot;}\">\n\t\t\t\t\t\t<div class=\"elementor-container elementor-column-gap-default\">\n\t\t\t\t\t<div class=\"elementor-column elementor-col-50 elementor-top-column elementor-element elementor-element-e0501ba\" data-id=\"e0501ba\" data-element_type=\"column\">\n\t\t\t<div class=\"elementor-widget-wrap elementor-element-populated\">\n\t\t\t\t\t\t<div class=\"elementor-element elementor-element-308dd47 elementor-absolute elementor-widget elementor-widget-heading\" data-id=\"308dd47\" data-element_type=\"widget\" data-settings=\"{&quot;_position&quot;:&quot;absolute&quot;}\" data-widget_type=\"heading.default\">\n\t\t\t\t<div class=\"elementor-widget-container\">\n\t\t\t\t\t<h2 class=\"elementor-heading-title elementor-size-default\">\u041d\u0430\u043f\u0438\u0448\u0438\u0442\u0435 \u0438\u043d\u0444\u043e\u0440\u043c\u0430\u0446\u0438\u0438 \u0438 \u043f\u0440\u0435\u0434\u043b\u043e\u0436\u0435\u043d\u0438\u0439<\/h2>\t\t\t\t<\/div>\n\t\t\t\t<\/div>\n\t\t\t\t\t<\/div>\n\t\t<\/div>\n\t\t\t\t<div class=\"elementor-column elementor-col-50 elementor-top-column elementor-element elementor-element-9dbeb69\" data-id=\"9dbeb69\" data-element_type=\"column\">\n\t\t\t<div class=\"elementor-widget-wrap elementor-element-populated\">\n\t\t\t\t\t\t<div class=\"elementor-element elementor-element-e3d5aa9 elementor-align-center elementor-absolute elementor-widget elementor-widget-button\" data-id=\"e3d5aa9\" data-element_type=\"widget\" data-settings=\"{&quot;_position&quot;:&quot;absolute&quot;}\" data-widget_type=\"button.default\">\n\t\t\t\t<div class=\"elementor-widget-container\">\n\t\t\t\t\t\t\t\t\t<div class=\"elementor-button-wrapper\">\n\t\t\t\t\t<a class=\"elementor-button elementor-button-link elementor-size-sm\" href=\"https:\/\/elmetalplus.az\/ru\/%c9%99laq%c9%99\/\">\n\t\t\t\t\t\t<span class=\"elementor-button-content-wrapper\">\n\t\t\t\t\t\t\t\t\t<span class=\"elementor-button-text\">\u0421\u0432\u044f\u0436\u0438\u0442\u0435\u0441\u044c \u0441 \u043d\u0430\u043c\u0438<\/span>\n\t\t\t\t\t<\/span>\n\t\t\t\t\t<\/a>\n\t\t\t\t<\/div>\n\t\t\t\t\t\t\t\t<\/div>\n\t\t\t\t<\/div>\n\t\t\t\t\t<\/div>\n\t\t<\/div>\n\t\t\t\t\t<\/div>\n\t\t<\/section>\n\t\t\t\t<\/div>","protected":false},"excerpt":{"rendered":"<p>\u201cEl Metal Plus\u201d QSC-d\u0259 kadr siyas\u0259timizi uy\u011fun \u0259m\u0259kda\u015f\u0131n uy\u011fun v\u0259zif\u0259y\u0259 m\u00fcnasibliyi prinsipi il\u0259 h\u0259yata ke\u00e7iririk. Bu m\u0259qs\u0259dl\u0259 a\u015fa\u011f\u0131dak\u0131 istiqam\u0259tl\u0259r f\u0259aliyy\u0259timizin \u0259sas\u0131n\u0131 t\u0259\u015fkil edir:Daha \u018ftrafl\u0131 Karyera \u00a0 Kadr ehtiyatlar\u0131n\u0131n planla\u015fd\u0131r\u0131lmas\u0131; Namiz\u0259dl\u0259rin&hellip;<\/p>","protected":false},"author":1,"featured_media":0,"parent":0,"menu_order":0,"comment_status":"closed","ping_status":"closed","template":"page-templates\/template-sinatra-fullwidth.php","meta":{"footnotes":""},"class_list":["post-111","page","type-page","status-publish","hentry"],"_links":{"self":[{"href":"https:\/\/elmetalplus.az\/ru\/wp-json\/wp\/v2\/pages\/111","targetHints":{"allow":["GET"]}}],"collection":[{"href":"https:\/\/elmetalplus.az\/ru\/wp-json\/wp\/v2\/pages"}],"about":[{"href":"https:\/\/elmetalplus.az\/ru\/wp-json\/wp\/v2\/types\/page"}],"author":[{"embeddable":true,"href":"https:\/\/elmetalplus.az\/ru\/wp-json\/wp\/v2\/users\/1"}],"replies":[{"embeddable":true,"href":"https:\/\/elmetalplus.az\/ru\/wp-json\/wp\/v2\/comments?post=111"}],"version-history":[{"count":82,"href":"https:\/\/elmetalplus.az\/ru\/wp-json\/wp\/v2\/pages\/111\/revisions"}],"predecessor-version":[{"id":1072,"href":"https:\/\/elmetalplus.az\/ru\/wp-json\/wp\/v2\/pages\/111\/revisions\/1072"}],"wp:attachment":[{"href":"https:\/\/elmetalplus.az\/ru\/wp-json\/wp\/v2\/media?parent=111"}],"curies":[{"name":"wp","href":"https:\/\/api.w.org\/{rel}","templated":true}]}}