{"id":947,"date":"2022-06-19T07:40:30","date_gmt":"2022-06-19T07:40:30","guid":{"rendered":"https:\/\/elmetalplus.az\/?page_id=947"},"modified":"2024-11-14T15:42:05","modified_gmt":"2024-11-14T15:42:05","slug":"sertifikatlar","status":"publish","type":"page","link":"https:\/\/elmetalplus.az\/ge\/sertifikatlar\/","title":{"rendered":"\u10e1\u10d4\u10e0\u10d7\u10d8\u10e4\u10d8\u10d9\u10d0\u10e2\u10d4\u10d1\u10d8"},"content":{"rendered":"<div data-elementor-type=\"wp-page\" data-elementor-id=\"947\" class=\"elementor elementor-947\" data-elementor-post-type=\"page\">\n\t\t\t\t\t\t<section class=\"elementor-section elementor-top-section elementor-element elementor-element-da5bba4 elementor-section-full_width elementor-section-stretched elementor-section-height-default elementor-section-height-default\" data-id=\"da5bba4\" data-element_type=\"section\" data-e-type=\"section\" data-settings=\"{&quot;stretch_section&quot;:&quot;section-stretched&quot;}\">\n\t\t\t\t\t\t<div class=\"elementor-container elementor-column-gap-no\">\n\t\t\t\t\t<div class=\"elementor-column elementor-col-100 elementor-top-column elementor-element elementor-element-52a4cf6\" data-id=\"52a4cf6\" data-element_type=\"column\" data-e-type=\"column\">\n\t\t\t<div class=\"elementor-widget-wrap elementor-element-populated\">\n\t\t\t\t\t\t<div class=\"elementor-element elementor-element-fcdf00e elementor--h-position-center elementor--v-position-middle elementor-widget elementor-widget-slides\" data-id=\"fcdf00e\" data-element_type=\"widget\" data-e-type=\"widget\" data-settings=\"{&quot;navigation&quot;:&quot;none&quot;,&quot;autoplay&quot;:&quot;yes&quot;,&quot;pause_on_hover&quot;:&quot;yes&quot;,&quot;pause_on_interaction&quot;:&quot;yes&quot;,&quot;autoplay_speed&quot;:5000,&quot;infinite&quot;:&quot;yes&quot;,&quot;transition&quot;:&quot;slide&quot;,&quot;transition_speed&quot;:500}\" data-widget_type=\"slides.default\">\n\t\t\t\t<div class=\"elementor-widget-container\">\n\t\t\t\t\t\t\t\t\t<div class=\"elementor-swiper\">\r\n\t\t\t\t\t<div class=\"elementor-slides-wrapper elementor-main-swiper swiper\" role=\"region\" aria-roledescription=\"carousel\" aria-label=\"Slides\" dir=\"ltr\" data-animation=\"fadeInDown\" data-no-translation-aria-label=\"\">\r\n\t\t\t\t<div class=\"swiper-wrapper elementor-slides\">\r\n\t\t\t\t\t\t\t\t\t\t<div class=\"elementor-repeater-item-6dffde4 swiper-slide\" role=\"group\" aria-roledescription=\"slide\"><div class=\"swiper-slide-bg elementor-ken-burns elementor-ken-burns--out\" role=\"img\" aria-label=\"_MRN9353\"><\/div><div class=\"elementor-background-overlay\"><\/div><a class=\"swiper-slide-inner\" href=\"#armatur\"><div class=\"swiper-slide-contents\"><div class=\"elementor-slide-heading\">\u10e1\u10d4\u10e0\u10d7\u10d8\u10e4\u10d8\u10d9\u10d0\u10e2\u10d4\u10d1\u10d8<\/div><\/div><\/a><\/div>\t\t\t\t<\/div>\r\n\t\t\t\t\t\t\t<\/div>\r\n\t\t\t\t<\/div>\r\n\t\t\t\t\t\t\t\t<\/div>\n\t\t\t\t<\/div>\n\t\t\t\t\t<\/div>\n\t\t<\/div>\n\t\t\t\t\t<\/div>\n\t\t<\/section>\n\t\t\t\t<section class=\"elementor-section elementor-top-section elementor-element elementor-element-34b2cbf elementor-section-boxed elementor-section-height-default elementor-section-height-default\" data-id=\"34b2cbf\" data-element_type=\"section\" data-e-type=\"section\">\n\t\t\t\t\t\t<div class=\"elementor-container elementor-column-gap-default\">\n\t\t\t\t\t<div class=\"elementor-column elementor-col-100 elementor-top-column elementor-element elementor-element-82f693b\" data-id=\"82f693b\" data-element_type=\"column\" data-e-type=\"column\">\n\t\t\t<div class=\"elementor-widget-wrap elementor-element-populated\">\n\t\t\t\t\t\t<div class=\"elementor-element elementor-element-5d6aadd elementor-widget elementor-widget-spacer\" data-id=\"5d6aadd\" data-element_type=\"widget\" data-e-type=\"widget\" data-widget_type=\"spacer.default\">\n\t\t\t\t<div class=\"elementor-widget-container\">\n\t\t\t\t\t\t\t<div class=\"elementor-spacer\">\n\t\t\t<div class=\"elementor-spacer-inner\"><\/div>\n\t\t<\/div>\n\t\t\t\t\t\t<\/div>\n\t\t\t\t<\/div>\n\t\t\t\t\t<\/div>\n\t\t<\/div>\n\t\t\t\t\t<\/div>\n\t\t<\/section>\n\t\t\t\t<section class=\"elementor-section elementor-top-section elementor-element elementor-element-4ba9c61 elementor-section-boxed elementor-section-height-default elementor-section-height-default\" data-id=\"4ba9c61\" data-element_type=\"section\" data-e-type=\"section\">\n\t\t\t\t\t\t<div class=\"elementor-container elementor-column-gap-default\">\n\t\t\t\t\t<div class=\"elementor-column elementor-col-25 elementor-top-column elementor-element elementor-element-a7de150\" data-id=\"a7de150\" data-element_type=\"column\" data-e-type=\"column\">\n\t\t\t<div class=\"elementor-widget-wrap elementor-element-populated\">\n\t\t\t\t\t\t<div class=\"elementor-element elementor-element-7a70c32 elementor-widget elementor-widget-image\" data-id=\"7a70c32\" data-element_type=\"widget\" data-e-type=\"widget\" data-widget_type=\"image.default\">\n\t\t\t\t<div class=\"elementor-widget-container\">\n\t\t\t\t\t\t\t\t\t\t\t\t\t\t\t\t<a href=\"https:\/\/elmetalplus.az\/wp-content\/uploads\/2024\/11\/3741_001x_1-scaled.jpg\" data-elementor-open-lightbox=\"yes\" data-e-action-hash=\"#elementor-action%3Aaction%3Dlightbox%26settings%3DeyJpZCI6MTA4NSwidXJsIjoiaHR0cHM6XC9cL2VsbWV0YWxwbHVzLmF6XC93cC1jb250ZW50XC91cGxvYWRzXC8yMDI0XC8xMVwvMzc0MV8wMDF4XzEtc2NhbGVkLmpwZyJ9\">\n\t\t\t\t\t\t\t<img fetchpriority=\"high\" decoding=\"async\" width=\"1100\" height=\"1555\" src=\"https:\/\/elmetalplus.az\/wp-content\/uploads\/2024\/11\/3741_001x_1-1280x1810.jpg\" class=\"attachment-large size-large wp-image-1085\" alt=\"\" srcset=\"https:\/\/elmetalplus.az\/wp-content\/uploads\/2024\/11\/3741_001x_1-1280x1810.jpg 1280w, https:\/\/elmetalplus.az\/wp-content\/uploads\/2024\/11\/3741_001x_1-640x905.jpg 640w, https:\/\/elmetalplus.az\/wp-content\/uploads\/2024\/11\/3741_001x_1-1024x1448.jpg 1024w, https:\/\/elmetalplus.az\/wp-content\/uploads\/2024\/11\/3741_001x_1-1086x1536.jpg 1086w, https:\/\/elmetalplus.az\/wp-content\/uploads\/2024\/11\/3741_001x_1-1448x2048.jpg 1448w, https:\/\/elmetalplus.az\/wp-content\/uploads\/2024\/11\/3741_001x_1-8x12.jpg 8w, https:\/\/elmetalplus.az\/wp-content\/uploads\/2024\/11\/3741_001x_1-scaled.jpg 1810w\" sizes=\"(max-width: 1100px) 100vw, 1100px\" \/>\t\t\t\t\t\t\t\t<\/a>\n\t\t\t\t\t\t\t\t\t\t\t\t\t\t\t<\/div>\n\t\t\t\t<\/div>\n\t\t\t\t\t<\/div>\n\t\t<\/div>\n\t\t\t\t<div class=\"elementor-column elementor-col-25 elementor-top-column elementor-element elementor-element-d192a00\" data-id=\"d192a00\" data-element_type=\"column\" data-e-type=\"column\">\n\t\t\t<div class=\"elementor-widget-wrap elementor-element-populated\">\n\t\t\t\t\t\t<div class=\"elementor-element elementor-element-d50d412 elementor-widget elementor-widget-image\" data-id=\"d50d412\" data-element_type=\"widget\" data-e-type=\"widget\" data-widget_type=\"image.default\">\n\t\t\t\t<div class=\"elementor-widget-container\">\n\t\t\t\t\t\t\t\t\t\t\t\t\t\t\t\t<a href=\"https:\/\/elmetalplus.az\/wp-content\/uploads\/2024\/11\/3741_001x_2-scaled.jpg\" data-elementor-open-lightbox=\"yes\" data-e-action-hash=\"#elementor-action%3Aaction%3Dlightbox%26settings%3DeyJpZCI6MTA4NywidXJsIjoiaHR0cHM6XC9cL2VsbWV0YWxwbHVzLmF6XC93cC1jb250ZW50XC91cGxvYWRzXC8yMDI0XC8xMVwvMzc0MV8wMDF4XzItc2NhbGVkLmpwZyJ9\">\n\t\t\t\t\t\t\t<img decoding=\"async\" width=\"1100\" height=\"1555\" src=\"https:\/\/elmetalplus.az\/wp-content\/uploads\/2024\/11\/3741_001x_2-1280x1810.jpg\" class=\"attachment-large size-large wp-image-1087\" alt=\"\" srcset=\"https:\/\/elmetalplus.az\/wp-content\/uploads\/2024\/11\/3741_001x_2-1280x1810.jpg 1280w, https:\/\/elmetalplus.az\/wp-content\/uploads\/2024\/11\/3741_001x_2-640x905.jpg 640w, https:\/\/elmetalplus.az\/wp-content\/uploads\/2024\/11\/3741_001x_2-1024x1448.jpg 1024w, https:\/\/elmetalplus.az\/wp-content\/uploads\/2024\/11\/3741_001x_2-1086x1536.jpg 1086w, https:\/\/elmetalplus.az\/wp-content\/uploads\/2024\/11\/3741_001x_2-1448x2048.jpg 1448w, https:\/\/elmetalplus.az\/wp-content\/uploads\/2024\/11\/3741_001x_2-8x12.jpg 8w, https:\/\/elmetalplus.az\/wp-content\/uploads\/2024\/11\/3741_001x_2-scaled.jpg 1810w\" sizes=\"(max-width: 1100px) 100vw, 1100px\" \/>\t\t\t\t\t\t\t\t<\/a>\n\t\t\t\t\t\t\t\t\t\t\t\t\t\t\t<\/div>\n\t\t\t\t<\/div>\n\t\t\t\t\t<\/div>\n\t\t<\/div>\n\t\t\t\t<div class=\"elementor-column elementor-col-25 elementor-top-column elementor-element elementor-element-4087c9d\" data-id=\"4087c9d\" data-element_type=\"column\" data-e-type=\"column\">\n\t\t\t<div class=\"elementor-widget-wrap elementor-element-populated\">\n\t\t\t\t\t\t<div class=\"elementor-element elementor-element-928dcea elementor-widget elementor-widget-image\" data-id=\"928dcea\" data-element_type=\"widget\" data-e-type=\"widget\" data-widget_type=\"image.default\">\n\t\t\t\t<div class=\"elementor-widget-container\">\n\t\t\t\t\t\t\t\t\t\t\t\t\t\t\t\t<a href=\"https:\/\/elmetalplus.az\/wp-content\/uploads\/2024\/11\/elmetal1.jpg\" data-elementor-open-lightbox=\"yes\" data-e-action-hash=\"#elementor-action%3Aaction%3Dlightbox%26settings%3DeyJpZCI6MTA4MCwidXJsIjoiaHR0cHM6XC9cL2VsbWV0YWxwbHVzLmF6XC93cC1jb250ZW50XC91cGxvYWRzXC8yMDI0XC8xMVwvZWxtZXRhbDEuanBnIn0%3D\">\n\t\t\t\t\t\t\t<img decoding=\"async\" width=\"1100\" height=\"1555\" src=\"https:\/\/elmetalplus.az\/wp-content\/uploads\/2024\/11\/elmetal1-1280x1809.jpg\" class=\"attachment-large size-large wp-image-1080\" alt=\"\" srcset=\"https:\/\/elmetalplus.az\/wp-content\/uploads\/2024\/11\/elmetal1-1280x1809.jpg 1280w, https:\/\/elmetalplus.az\/wp-content\/uploads\/2024\/11\/elmetal1-640x905.jpg 640w, https:\/\/elmetalplus.az\/wp-content\/uploads\/2024\/11\/elmetal1-1024x1447.jpg 1024w, https:\/\/elmetalplus.az\/wp-content\/uploads\/2024\/11\/elmetal1-1087x1536.jpg 1087w, https:\/\/elmetalplus.az\/wp-content\/uploads\/2024\/11\/elmetal1-1449x2048.jpg 1449w, https:\/\/elmetalplus.az\/wp-content\/uploads\/2024\/11\/elmetal1-8x12.jpg 8w, https:\/\/elmetalplus.az\/wp-content\/uploads\/2024\/11\/elmetal1.jpg 1654w\" sizes=\"(max-width: 1100px) 100vw, 1100px\" \/>\t\t\t\t\t\t\t\t<\/a>\n\t\t\t\t\t\t\t\t\t\t\t\t\t\t\t<\/div>\n\t\t\t\t<\/div>\n\t\t\t\t\t<\/div>\n\t\t<\/div>\n\t\t\t\t<div class=\"elementor-column elementor-col-25 elementor-top-column elementor-element elementor-element-2fc7187\" data-id=\"2fc7187\" data-element_type=\"column\" data-e-type=\"column\">\n\t\t\t<div class=\"elementor-widget-wrap elementor-element-populated\">\n\t\t\t\t\t\t<div class=\"elementor-element elementor-element-86bd357 elementor-widget elementor-widget-image\" data-id=\"86bd357\" data-element_type=\"widget\" data-e-type=\"widget\" data-widget_type=\"image.default\">\n\t\t\t\t<div class=\"elementor-widget-container\">\n\t\t\t\t\t\t\t\t\t\t\t\t\t\t\t\t<a href=\"https:\/\/elmetalplus.az\/wp-content\/uploads\/2024\/11\/elmetal2.jpg\" data-elementor-open-lightbox=\"yes\" data-e-action-hash=\"#elementor-action%3Aaction%3Dlightbox%26settings%3DeyJpZCI6MTA4MSwidXJsIjoiaHR0cHM6XC9cL2VsbWV0YWxwbHVzLmF6XC93cC1jb250ZW50XC91cGxvYWRzXC8yMDI0XC8xMVwvZWxtZXRhbDIuanBnIn0%3D\">\n\t\t\t\t\t\t\t<img loading=\"lazy\" decoding=\"async\" width=\"1100\" height=\"1555\" src=\"https:\/\/elmetalplus.az\/wp-content\/uploads\/2024\/11\/elmetal2-1280x1809.jpg\" class=\"attachment-large size-large wp-image-1081\" alt=\"\" srcset=\"https:\/\/elmetalplus.az\/wp-content\/uploads\/2024\/11\/elmetal2-1280x1809.jpg 1280w, https:\/\/elmetalplus.az\/wp-content\/uploads\/2024\/11\/elmetal2-640x905.jpg 640w, https:\/\/elmetalplus.az\/wp-content\/uploads\/2024\/11\/elmetal2-1024x1447.jpg 1024w, https:\/\/elmetalplus.az\/wp-content\/uploads\/2024\/11\/elmetal2-1087x1536.jpg 1087w, https:\/\/elmetalplus.az\/wp-content\/uploads\/2024\/11\/elmetal2-1449x2048.jpg 1449w, https:\/\/elmetalplus.az\/wp-content\/uploads\/2024\/11\/elmetal2-8x12.jpg 8w, https:\/\/elmetalplus.az\/wp-content\/uploads\/2024\/11\/elmetal2.jpg 1654w\" sizes=\"(max-width: 1100px) 100vw, 1100px\" \/>\t\t\t\t\t\t\t\t<\/a>\n\t\t\t\t\t\t\t\t\t\t\t\t\t\t\t<\/div>\n\t\t\t\t<\/div>\n\t\t\t\t\t<\/div>\n\t\t<\/div>\n\t\t\t\t\t<\/div>\n\t\t<\/section>\n\t\t\t\t<section class=\"elementor-section elementor-top-section elementor-element elementor-element-13b3418 elementor-section-boxed elementor-section-height-default elementor-section-height-default\" data-id=\"13b3418\" data-element_type=\"section\" data-e-type=\"section\">\n\t\t\t\t\t\t<div class=\"elementor-container elementor-column-gap-default\">\n\t\t\t\t\t<div class=\"elementor-column elementor-col-100 elementor-top-column elementor-element elementor-element-2699617\" data-id=\"2699617\" data-element_type=\"column\" data-e-type=\"column\">\n\t\t\t<div class=\"elementor-widget-wrap\">\n\t\t\t\t\t\t\t<\/div>\n\t\t<\/div>\n\t\t\t\t\t<\/div>\n\t\t<\/section>\n\t\t\t\t<section class=\"elementor-section elementor-top-section elementor-element elementor-element-88afed2 elementor-section-boxed elementor-section-height-default elementor-section-height-default\" data-id=\"88afed2\" data-element_type=\"section\" data-e-type=\"section\">\n\t\t\t\t\t\t<div class=\"elementor-container elementor-column-gap-default\">\n\t\t\t\t\t<div class=\"elementor-column elementor-col-100 elementor-top-column elementor-element elementor-element-c9a347e\" data-id=\"c9a347e\" data-element_type=\"column\" data-e-type=\"column\">\n\t\t\t<div class=\"elementor-widget-wrap elementor-element-populated\">\n\t\t\t\t\t\t<div class=\"elementor-element elementor-element-e2a7c94 elementor-widget elementor-widget-spacer\" data-id=\"e2a7c94\" data-element_type=\"widget\" data-e-type=\"widget\" data-widget_type=\"spacer.default\">\n\t\t\t\t<div class=\"elementor-widget-container\">\n\t\t\t\t\t\t\t<div class=\"elementor-spacer\">\n\t\t\t<div class=\"elementor-spacer-inner\"><\/div>\n\t\t<\/div>\n\t\t\t\t\t\t<\/div>\n\t\t\t\t<\/div>\n\t\t\t\t\t<\/div>\n\t\t<\/div>\n\t\t\t\t\t<\/div>\n\t\t<\/section>\n\t\t\t\t<section class=\"elementor-section elementor-top-section elementor-element elementor-element-0ca292c elementor-section-full_width elementor-section-stretched elementor-hidden-tablet elementor-hidden-mobile elementor-section-height-default elementor-section-height-default\" data-id=\"0ca292c\" data-element_type=\"section\" data-e-type=\"section\" data-settings=\"{&quot;stretch_section&quot;:&quot;section-stretched&quot;,&quot;background_background&quot;:&quot;classic&quot;}\">\n\t\t\t\t\t\t<div class=\"elementor-container elementor-column-gap-default\">\n\t\t\t\t\t<div class=\"elementor-column elementor-col-50 elementor-top-column elementor-element elementor-element-33dc6d0\" data-id=\"33dc6d0\" data-element_type=\"column\" data-e-type=\"column\">\n\t\t\t<div class=\"elementor-widget-wrap elementor-element-populated\">\n\t\t\t\t\t\t<div class=\"elementor-element elementor-element-7885728 elementor-absolute elementor-widget elementor-widget-heading\" data-id=\"7885728\" data-element_type=\"widget\" data-e-type=\"widget\" data-settings=\"{&quot;_position&quot;:&quot;absolute&quot;}\" data-widget_type=\"heading.default\">\n\t\t\t\t<div class=\"elementor-widget-container\">\n\t\t\t\t\t<h2 class=\"elementor-heading-title elementor-size-default\">\u10db\u10dd\u10d2\u10d5\u10ec\u10d4\u10e0\u10d4\u10d7 \u10d3\u10d0\u10db\u10d0\u10e2\u10d4\u10d1\u10d8\u10d7\u10d8 \u10d8\u10dc\u10e4\u10dd\u10e0\u10db\u10d0\u10ea\u10d8\u10d8\u10e1\u10d7\u10d5\u10d8\u10e1 \u10d3\u10d0 \u10ec\u10d8\u10dc\u10d0\u10d3\u10d0\u10d3\u10d4\u10d1\u10d4\u10d1\u10d8\u10e1\u10d7\u10d5\u10d8\u10e1<\/h2>\t\t\t\t<\/div>\n\t\t\t\t<\/div>\n\t\t\t\t\t<\/div>\n\t\t<\/div>\n\t\t\t\t<div class=\"elementor-column elementor-col-50 elementor-top-column elementor-element elementor-element-0739b09\" data-id=\"0739b09\" data-element_type=\"column\" data-e-type=\"column\">\n\t\t\t<div class=\"elementor-widget-wrap elementor-element-populated\">\n\t\t\t\t\t\t<div class=\"elementor-element elementor-element-af5361a elementor-align-center elementor-absolute elementor-widget elementor-widget-button\" data-id=\"af5361a\" data-element_type=\"widget\" data-e-type=\"widget\" data-settings=\"{&quot;_position&quot;:&quot;absolute&quot;}\" data-widget_type=\"button.default\">\n\t\t\t\t<div class=\"elementor-widget-container\">\n\t\t\t\t\t\t\t\t\t<div class=\"elementor-button-wrapper\">\n\t\t\t\t\t<a class=\"elementor-button elementor-button-link elementor-size-sm\" href=\"https:\/\/elmetalplus.az\/ge\/%c9%99laq%c9%99\/\">\n\t\t\t\t\t\t<span class=\"elementor-button-content-wrapper\">\n\t\t\t\t\t\t\t\t\t<span class=\"elementor-button-text\">\u1c93\u10d0\u10d2\u10d5\u10d8\u10d9\u10d0\u10d5\u10e8\u10d8\u10e0\u10d3\u10d8\u10d7<\/span>\n\t\t\t\t\t<\/span>\n\t\t\t\t\t<\/a>\n\t\t\t\t<\/div>\n\t\t\t\t\t\t\t\t<\/div>\n\t\t\t\t<\/div>\n\t\t\t\t\t<\/div>\n\t\t<\/div>\n\t\t\t\t\t<\/div>\n\t\t<\/section>\n\t\t\t\t<\/div>","protected":false},"excerpt":{"rendered":"<p>SERT\u0130F\u0130KATLAR \u018ftrafl\u0131 m\u0259lumat v\u0259 t\u0259klifl\u0259riniz \u00fc\u00e7\u00fcn biz\u0259 yaz\u0131n Biziml\u0259 \u0259laq\u0259<\/p>","protected":false},"author":1,"featured_media":0,"parent":0,"menu_order":0,"comment_status":"closed","ping_status":"closed","template":"","meta":{"footnotes":""},"class_list":["post-947","page","type-page","status-publish","hentry"],"_links":{"self":[{"href":"https:\/\/elmetalplus.az\/ge\/wp-json\/wp\/v2\/pages\/947","targetHints":{"allow":["GET"]}}],"collection":[{"href":"https:\/\/elmetalplus.az\/ge\/wp-json\/wp\/v2\/pages"}],"about":[{"href":"https:\/\/elmetalplus.az\/ge\/wp-json\/wp\/v2\/types\/page"}],"author":[{"embeddable":true,"href":"https:\/\/elmetalplus.az\/ge\/wp-json\/wp\/v2\/users\/1"}],"replies":[{"embeddable":true,"href":"https:\/\/elmetalplus.az\/ge\/wp-json\/wp\/v2\/comments?post=947"}],"version-history":[{"count":34,"href":"https:\/\/elmetalplus.az\/ge\/wp-json\/wp\/v2\/pages\/947\/revisions"}],"predecessor-version":[{"id":1090,"href":"https:\/\/elmetalplus.az\/ge\/wp-json\/wp\/v2\/pages\/947\/revisions\/1090"}],"wp:attachment":[{"href":"https:\/\/elmetalplus.az\/ge\/wp-json\/wp\/v2\/media?parent=947"}],"curies":[{"name":"wp","href":"https:\/\/api.w.org\/{rel}","templated":true}]}}