{"id":110,"date":"2022-05-23T05:21:52","date_gmt":"2022-05-23T05:21:52","guid":{"rendered":"https:\/\/elmetalplus.az\/?page_id=110"},"modified":"2022-06-09T18:42:59","modified_gmt":"2022-06-09T18:42:59","slug":"laboratoriya","status":"publish","type":"page","link":"https:\/\/elmetalplus.az\/ge\/laboratoriya\/","title":{"rendered":"Laboratoriya"},"content":{"rendered":"<div data-elementor-type=\"wp-page\" data-elementor-id=\"110\" class=\"elementor elementor-110\">\n\t\t\t\t\t\t<section class=\"elementor-section elementor-top-section elementor-element elementor-element-9c82099 elementor-section-full_width elementor-section-stretched elementor-section-height-default elementor-section-height-default\" data-id=\"9c82099\" data-element_type=\"section\" data-settings=\"{&quot;stretch_section&quot;:&quot;section-stretched&quot;}\">\n\t\t\t\t\t\t<div class=\"elementor-container elementor-column-gap-no\">\n\t\t\t\t\t<div class=\"elementor-column elementor-col-100 elementor-top-column elementor-element elementor-element-1156a2e\" data-id=\"1156a2e\" data-element_type=\"column\">\n\t\t\t<div class=\"elementor-widget-wrap elementor-element-populated\">\n\t\t\t\t\t\t<div class=\"elementor-element elementor-element-12f5493 elementor--h-position-center elementor--v-position-middle elementor-widget elementor-widget-slides\" data-id=\"12f5493\" data-element_type=\"widget\" data-settings=\"{&quot;navigation&quot;:&quot;none&quot;,&quot;autoplay&quot;:&quot;yes&quot;,&quot;pause_on_hover&quot;:&quot;yes&quot;,&quot;pause_on_interaction&quot;:&quot;yes&quot;,&quot;autoplay_speed&quot;:5000,&quot;infinite&quot;:&quot;yes&quot;,&quot;transition&quot;:&quot;slide&quot;,&quot;transition_speed&quot;:500}\" data-widget_type=\"slides.default\">\n\t\t\t\t<div class=\"elementor-widget-container\">\n\t\t\t\t\t\t\t<div class=\"elementor-swiper\">\n\t\t\t<div class=\"elementor-slides-wrapper elementor-main-swiper swiper-container\" dir=\"ltr\" data-animation=\"fadeInDown\">\n\t\t\t\t<div class=\"swiper-wrapper elementor-slides\">\n\t\t\t\t\t\t\t\t\t\t<div class=\"elementor-repeater-item-6dffde4 swiper-slide\"><div class=\"swiper-slide-bg elementor-ken-burns elementor-ken-burns--out\"><\/div><div class=\"elementor-background-overlay\"><\/div><a class=\"swiper-slide-inner\" href=\"#karyera\"><div class=\"swiper-slide-contents\"><div class=\"elementor-slide-description\">\u10d4\u10e5\u10e1\u10de\u10e0\u10d4\u10e1 \u10e1\u10de\u10d4\u10e5\u10e2\u10e0\u10e3\u10da\u10d8 \u10d0\u10dc\u10d0\u10da\u10d8\u10d6\u10d8\u10e1 \u10da\u10d0\u10d1\u10dd\u10e0\u10d0\u10e2\u10dd\u10e0\u10d8\u10d0 \u10d0\u10d0\u10dc\u10d0\u10da\u10d8\u10d6\u10d4\u10d1\u10e1 \u10e4\u10dd\u10da\u10d0\u10d3\u10d8\u10e1 \u10ee\u10db\u10d4\u10d1\u10d8\u10e1 \u10e5\u10d8\u10db\u10d8\u10e3\u10e0 \u10e8\u10d4\u10db\u10d0\u10d3\u10d2\u10d4\u10dc\u10da\u10dd\u10d1\u10d0\u10e1. <\/div><div  class=\"elementor-button elementor-slide-button elementor-size-sm\">\u10e3\u10e4\u10e0\u10dd \u10d3\u10d4\u10e2\u10d0\u10da\u10e3\u10e0\u10d0\u10d3<\/div><\/div><\/a><\/div>\t\t\t\t<\/div>\n\t\t\t\t\t\t\t<\/div>\n\t\t<\/div>\n\t\t\t\t\t\t<\/div>\n\t\t\t\t<\/div>\n\t\t\t\t<div class=\"elementor-element elementor-element-002dde0 elementor-widget elementor-widget-spacer\" data-id=\"002dde0\" data-element_type=\"widget\" data-widget_type=\"spacer.default\">\n\t\t\t\t<div class=\"elementor-widget-container\">\n\t\t\t\t\t\t\t<div class=\"elementor-spacer\">\n\t\t\t<div class=\"elementor-spacer-inner\"><\/div>\n\t\t<\/div>\n\t\t\t\t\t\t<\/div>\n\t\t\t\t<\/div>\n\t\t\t\t\t<\/div>\n\t\t<\/div>\n\t\t\t\t\t<\/div>\n\t\t<\/section>\n\t\t\t\t<section class=\"elementor-section elementor-top-section elementor-element elementor-element-9945fd6 elementor-section-boxed elementor-section-height-default elementor-section-height-default\" data-id=\"9945fd6\" data-element_type=\"section\">\n\t\t\t\t\t\t<div class=\"elementor-container elementor-column-gap-default\">\n\t\t\t\t\t<div class=\"elementor-column elementor-col-100 elementor-top-column elementor-element elementor-element-36f4550\" data-id=\"36f4550\" data-element_type=\"column\">\n\t\t\t<div class=\"elementor-widget-wrap elementor-element-populated\">\n\t\t\t\t\t\t<div class=\"elementor-element elementor-element-f00c1cb elementor-widget elementor-widget-text-editor\" data-id=\"f00c1cb\" data-element_type=\"widget\" data-widget_type=\"text-editor.default\">\n\t\t\t\t<div class=\"elementor-widget-container\">\n\t\t\t\t\t\t\t\t\t<p>\u10ee\u10dd\u10da\u10dd \u10db\u10d4\u10e5\u10d0\u10dc\u10d8\u10d9\u10e3\u10e0\u10d8 \u10e2\u10d4\u10e1\u10e2\u10d8\u10e0\u10d4\u10d1\u10d8\u10e1 \u10da\u10d0\u10d1\u10dd\u10e0\u10d0\u10e2\u10dd\u10e0\u10d8\u10d0 \u10d2\u10d0\u10dc\u10e1\u10d0\u10d6\u10e6\u10d5\u10e0\u10d0\u10d5\u10e1 \u10e1\u10d0\u10d1\u10dd\u10da\u10dd\u10dd \u10de\u10e0\u10dd\u10d3\u10e3\u10e5\u10e2\u10d8\u10e1 \u10ee\u10d0\u10e0\u10d8\u10e1\u10ee\u10e1. \u10db\u10d4\u10e5\u10d0\u10dc\u10d8\u10d9\u10e3\u10e0\u10d8 \u10e2\u10d4\u10e1\u10e2\u10d8\u10e0\u10d4\u10d1\u10d8\u10e1 \u10da\u10d0\u10d1\u10dd\u10e0\u10d0\u10e2\u10dd\u10e0\u10d8\u10d0\u10e8\u10d8 \u10d3\u10d0\u10db\u10dd\u10dc\u10e2\u10d0\u10df\u10d3\u10d0 \u10d2\u10d4\u10e0\u10db\u10d0\u10dc\u10e3\u10da\u10d8 \u10ec\u10d0\u10e0\u10db\u10dd\u10d4\u10d1\u10d8\u10e1 (\u10d3\u10d0\u10ed\u10d8\u10db\u10d5\u10d8\u10e1, \u10ea\u10d5\u10d4\u10d7\u10d0, \u10db\u10e1\u10ee\u10d5\u10e0\u10d4\u10d5\u10d8\u10e1) \u10e1\u10d0\u10ea\u10d3\u10d4\u10da\u10d8 \u10db\u10d0\u10dc\u10e5\u10d0\u10dc\u10d0. \u10e1\u10d0\u10e2\u10d4\u10e1\u10e2\u10dd \u10db\u10d0\u10dc\u10e5\u10d0\u10dc\u10d0 \u10e1\u10d0\u10e8\u10e3\u10d0\u10da\u10d4\u10d1\u10d0\u10e1 \u10d8\u10eb\u10da\u10d4\u10d5\u10d0 \u10d2\u10d0\u10dc\u10d0\u10ee\u10dd\u10e0\u10ea\u10d8\u10d4\u10da\u10dd\u10e1 \u10eb\u10d8\u10e0\u10d8\u10d7\u10d0\u10d3\u10d8 \u10de\u10e0\u10dd\u10d3\u10e3\u10e5\u10e2\u10d8\u10e1 \u10db\u10d8\u10db\u10d3\u10d8\u10dc\u10d0\u10e0\u10d4 \u10d3\u10d0 \u10e1\u10d4\u10e0\u10e2\u10d8\u10e4\u10d8\u10d9\u10d0\u10e2\u10d8\u10e1 \u10e2\u10d4\u10e1\u10e2\u10d4\u10d1\u10d8 - 10, 12, 14, 16, 18, 20, 22, 25, 28 \u10d3\u10d0 32 \u10db\u10db \u10de\u10e0\u10dd\u10e4\u10d8\u10da\u10d8\u10e1 \u10d2\u10d0\u10db\u10d0\u10d2\u10e0\u10d4\u10d1\u10d8\u10e1 \u10dc\u10d8\u10db\u10e3\u10e8\u10d4\u10d1\u10d8 D\u00dcIST 12004-81 \u10db\u10d8\u10ee\u10d4\u10d3\u10d5\u10d8\u10d7.<\/p>\t\t\t\t\t\t\t\t<\/div>\n\t\t\t\t<\/div>\n\t\t\t\t<div class=\"elementor-element elementor-element-b946e6f elementor-widget elementor-widget-spacer\" data-id=\"b946e6f\" data-element_type=\"widget\" data-widget_type=\"spacer.default\">\n\t\t\t\t<div class=\"elementor-widget-container\">\n\t\t\t\t\t\t\t<div class=\"elementor-spacer\">\n\t\t\t<div class=\"elementor-spacer-inner\"><\/div>\n\t\t<\/div>\n\t\t\t\t\t\t<\/div>\n\t\t\t\t<\/div>\n\t\t\t\t\t<\/div>\n\t\t<\/div>\n\t\t\t\t\t<\/div>\n\t\t<\/section>\n\t\t\t\t<section class=\"elementor-section elementor-top-section elementor-element elementor-element-712f2e6 elementor-section-boxed elementor-section-height-default elementor-section-height-default\" data-id=\"712f2e6\" data-element_type=\"section\">\n\t\t\t\t\t\t<div class=\"elementor-container elementor-column-gap-default\">\n\t\t\t\t\t<div class=\"elementor-column elementor-col-100 elementor-top-column elementor-element elementor-element-50ddaf7\" data-id=\"50ddaf7\" data-element_type=\"column\">\n\t\t\t<div class=\"elementor-widget-wrap elementor-element-populated\">\n\t\t\t\t\t\t<div class=\"elementor-element elementor-element-2c24e61 elementor-widget elementor-widget-spacer\" data-id=\"2c24e61\" data-element_type=\"widget\" data-widget_type=\"spacer.default\">\n\t\t\t\t<div class=\"elementor-widget-container\">\n\t\t\t\t\t\t\t<div class=\"elementor-spacer\">\n\t\t\t<div class=\"elementor-spacer-inner\"><\/div>\n\t\t<\/div>\n\t\t\t\t\t\t<\/div>\n\t\t\t\t<\/div>\n\t\t\t\t\t<\/div>\n\t\t<\/div>\n\t\t\t\t\t<\/div>\n\t\t<\/section>\n\t\t\t\t<section class=\"elementor-section elementor-top-section elementor-element elementor-element-2cab20b elementor-section-full_width elementor-section-height-default elementor-section-height-default\" data-id=\"2cab20b\" data-element_type=\"section\">\n\t\t\t\t\t\t<div class=\"elementor-container elementor-column-gap-default\">\n\t\t\t\t\t<div class=\"elementor-column elementor-col-50 elementor-top-column elementor-element elementor-element-842752c\" data-id=\"842752c\" data-element_type=\"column\">\n\t\t\t<div class=\"elementor-widget-wrap elementor-element-populated\">\n\t\t\t\t\t\t<div class=\"elementor-element elementor-element-900ec4d elementor-widget elementor-widget-image\" data-id=\"900ec4d\" data-element_type=\"widget\" data-widget_type=\"image.default\">\n\t\t\t\t<div class=\"elementor-widget-container\">\n\t\t\t\t\t\t\t\t\t\t\t\t\t\t\t<img fetchpriority=\"high\" decoding=\"async\" width=\"1000\" height=\"1500\" src=\"https:\/\/elmetalplus.az\/wp-content\/uploads\/2022\/06\/MRN9058.jpg\" class=\"attachment-large size-large wp-image-712\" alt=\"\" srcset=\"https:\/\/elmetalplus.az\/wp-content\/uploads\/2022\/06\/MRN9058.jpg 1000w, https:\/\/elmetalplus.az\/wp-content\/uploads\/2022\/06\/MRN9058-640x960.jpg 640w\" sizes=\"(max-width: 1000px) 100vw, 1000px\" \/>\t\t\t\t\t\t\t\t\t\t\t\t\t\t\t<\/div>\n\t\t\t\t<\/div>\n\t\t\t\t\t<\/div>\n\t\t<\/div>\n\t\t\t\t<div class=\"elementor-column elementor-col-50 elementor-top-column elementor-element elementor-element-982d192\" data-id=\"982d192\" data-element_type=\"column\">\n\t\t\t<div class=\"elementor-widget-wrap elementor-element-populated\">\n\t\t\t\t\t\t<div class=\"elementor-element elementor-element-788d0fd elementor-widget elementor-widget-image\" data-id=\"788d0fd\" data-element_type=\"widget\" data-widget_type=\"image.default\">\n\t\t\t\t<div class=\"elementor-widget-container\">\n\t\t\t\t\t\t\t\t\t\t\t\t\t\t\t<img decoding=\"async\" width=\"1100\" height=\"733\" src=\"https:\/\/elmetalplus.az\/wp-content\/uploads\/2022\/06\/MRN9035-1280x853.jpg\" class=\"attachment-large size-large wp-image-710\" alt=\"\" srcset=\"https:\/\/elmetalplus.az\/wp-content\/uploads\/2022\/06\/MRN9035-1280x853.jpg 1280w, https:\/\/elmetalplus.az\/wp-content\/uploads\/2022\/06\/MRN9035-640x427.jpg 640w, https:\/\/elmetalplus.az\/wp-content\/uploads\/2022\/06\/MRN9035-1024x683.jpg 1024w, https:\/\/elmetalplus.az\/wp-content\/uploads\/2022\/06\/MRN9035.jpg 1500w\" sizes=\"(max-width: 1100px) 100vw, 1100px\" \/>\t\t\t\t\t\t\t\t\t\t\t\t\t\t\t<\/div>\n\t\t\t\t<\/div>\n\t\t\t\t<div class=\"elementor-element elementor-element-09e07c4 elementor-widget elementor-widget-image\" data-id=\"09e07c4\" data-element_type=\"widget\" data-widget_type=\"image.default\">\n\t\t\t\t<div class=\"elementor-widget-container\">\n\t\t\t\t\t\t\t\t\t\t\t\t\t\t\t<img decoding=\"async\" width=\"1100\" height=\"733\" src=\"https:\/\/elmetalplus.az\/wp-content\/uploads\/2022\/06\/MRN9014-1280x853.jpg\" class=\"attachment-large size-large wp-image-708\" alt=\"\" srcset=\"https:\/\/elmetalplus.az\/wp-content\/uploads\/2022\/06\/MRN9014-1280x853.jpg 1280w, https:\/\/elmetalplus.az\/wp-content\/uploads\/2022\/06\/MRN9014-640x427.jpg 640w, https:\/\/elmetalplus.az\/wp-content\/uploads\/2022\/06\/MRN9014-1024x683.jpg 1024w, https:\/\/elmetalplus.az\/wp-content\/uploads\/2022\/06\/MRN9014.jpg 1500w\" sizes=\"(max-width: 1100px) 100vw, 1100px\" \/>\t\t\t\t\t\t\t\t\t\t\t\t\t\t\t<\/div>\n\t\t\t\t<\/div>\n\t\t\t\t\t<\/div>\n\t\t<\/div>\n\t\t\t\t\t<\/div>\n\t\t<\/section>\n\t\t\t\t<section class=\"elementor-section elementor-top-section elementor-element elementor-element-e92f0f8 elementor-section-boxed elementor-section-height-default elementor-section-height-default\" data-id=\"e92f0f8\" data-element_type=\"section\">\n\t\t\t\t\t\t<div class=\"elementor-container elementor-column-gap-default\">\n\t\t\t\t\t<div class=\"elementor-column elementor-col-100 elementor-top-column elementor-element elementor-element-536faa0\" data-id=\"536faa0\" data-element_type=\"column\">\n\t\t\t<div class=\"elementor-widget-wrap elementor-element-populated\">\n\t\t\t\t\t\t<div class=\"elementor-element elementor-element-204df33 elementor-widget elementor-widget-spacer\" data-id=\"204df33\" data-element_type=\"widget\" data-widget_type=\"spacer.default\">\n\t\t\t\t<div class=\"elementor-widget-container\">\n\t\t\t\t\t\t\t<div class=\"elementor-spacer\">\n\t\t\t<div class=\"elementor-spacer-inner\"><\/div>\n\t\t<\/div>\n\t\t\t\t\t\t<\/div>\n\t\t\t\t<\/div>\n\t\t\t\t\t<\/div>\n\t\t<\/div>\n\t\t\t\t\t<\/div>\n\t\t<\/section>\n\t\t\t\t<section class=\"elementor-section elementor-top-section elementor-element elementor-element-d19464c elementor-section-full_width elementor-section-stretched elementor-hidden-tablet elementor-hidden-mobile elementor-section-height-default elementor-section-height-default\" data-id=\"d19464c\" data-element_type=\"section\" data-settings=\"{&quot;stretch_section&quot;:&quot;section-stretched&quot;,&quot;background_background&quot;:&quot;classic&quot;}\">\n\t\t\t\t\t\t<div class=\"elementor-container elementor-column-gap-default\">\n\t\t\t\t\t<div class=\"elementor-column elementor-col-50 elementor-top-column elementor-element elementor-element-00aab1a\" data-id=\"00aab1a\" data-element_type=\"column\">\n\t\t\t<div class=\"elementor-widget-wrap elementor-element-populated\">\n\t\t\t\t\t\t<div class=\"elementor-element elementor-element-9bdc009 elementor-absolute elementor-widget elementor-widget-heading\" data-id=\"9bdc009\" data-element_type=\"widget\" data-settings=\"{&quot;_position&quot;:&quot;absolute&quot;}\" data-widget_type=\"heading.default\">\n\t\t\t\t<div class=\"elementor-widget-container\">\n\t\t\t\t\t<h2 class=\"elementor-heading-title elementor-size-default\">\u10db\u10dd\u10d2\u10d5\u10ec\u10d4\u10e0\u10d4\u10d7 \u10d3\u10d0\u10db\u10d0\u10e2\u10d4\u10d1\u10d8\u10d7\u10d8 \u10d8\u10dc\u10e4\u10dd\u10e0\u10db\u10d0\u10ea\u10d8\u10d8\u10e1\u10d7\u10d5\u10d8\u10e1 \u10d3\u10d0 \u10ec\u10d8\u10dc\u10d0\u10d3\u10d0\u10d3\u10d4\u10d1\u10d4\u10d1\u10d8\u10e1\u10d7\u10d5\u10d8\u10e1<\/h2>\t\t\t\t<\/div>\n\t\t\t\t<\/div>\n\t\t\t\t\t<\/div>\n\t\t<\/div>\n\t\t\t\t<div class=\"elementor-column elementor-col-50 elementor-top-column elementor-element elementor-element-324c9d5\" data-id=\"324c9d5\" data-element_type=\"column\">\n\t\t\t<div class=\"elementor-widget-wrap elementor-element-populated\">\n\t\t\t\t\t\t<div class=\"elementor-element elementor-element-dc3446e elementor-align-center elementor-absolute elementor-widget elementor-widget-button\" data-id=\"dc3446e\" data-element_type=\"widget\" data-settings=\"{&quot;_position&quot;:&quot;absolute&quot;}\" data-widget_type=\"button.default\">\n\t\t\t\t<div class=\"elementor-widget-container\">\n\t\t\t\t\t\t\t\t\t<div class=\"elementor-button-wrapper\">\n\t\t\t\t\t<a class=\"elementor-button elementor-button-link elementor-size-sm\" href=\"https:\/\/elmetalplus.az\/ge\/%c9%99laq%c9%99\/\">\n\t\t\t\t\t\t<span class=\"elementor-button-content-wrapper\">\n\t\t\t\t\t\t\t\t\t<span class=\"elementor-button-text\">\u1c93\u10d0\u10d2\u10d5\u10d8\u10d9\u10d0\u10d5\u10e8\u10d8\u10e0\u10d3\u10d8\u10d7<\/span>\n\t\t\t\t\t<\/span>\n\t\t\t\t\t<\/a>\n\t\t\t\t<\/div>\n\t\t\t\t\t\t\t\t<\/div>\n\t\t\t\t<\/div>\n\t\t\t\t\t<\/div>\n\t\t<\/div>\n\t\t\t\t\t<\/div>\n\t\t<\/section>\n\t\t\t\t<\/div>","protected":false},"excerpt":{"rendered":"<p>Ekspress spektrol analiz laboratoriyas\u0131 polad k\u00fcl\u00e7\u0259l\u0259rin kimy\u0259vi t\u0259rkibini t\u0259hlil edir. Daha \u018ftrafl\u0131 Mexaniki s\u0131naq laboratoriyas\u0131 is\u0259 son m\u0259hsulun keyfiyy\u0259tini m\u00fc\u0259yy\u0259n edir. Mexaniki s\u0131naq laboratoriyas\u0131nda Almaniyada istehsal olunmu\u015f (dart\u0131lmaya, qopmaya, q\u0131r\u0131lma\u011fa)&hellip;<\/p>","protected":false},"author":1,"featured_media":0,"parent":0,"menu_order":0,"comment_status":"closed","ping_status":"closed","template":"","meta":{"footnotes":""},"class_list":["post-110","page","type-page","status-publish","hentry"],"_links":{"self":[{"href":"https:\/\/elmetalplus.az\/ge\/wp-json\/wp\/v2\/pages\/110","targetHints":{"allow":["GET"]}}],"collection":[{"href":"https:\/\/elmetalplus.az\/ge\/wp-json\/wp\/v2\/pages"}],"about":[{"href":"https:\/\/elmetalplus.az\/ge\/wp-json\/wp\/v2\/types\/page"}],"author":[{"embeddable":true,"href":"https:\/\/elmetalplus.az\/ge\/wp-json\/wp\/v2\/users\/1"}],"replies":[{"embeddable":true,"href":"https:\/\/elmetalplus.az\/ge\/wp-json\/wp\/v2\/comments?post=110"}],"version-history":[{"count":19,"href":"https:\/\/elmetalplus.az\/ge\/wp-json\/wp\/v2\/pages\/110\/revisions"}],"predecessor-version":[{"id":885,"href":"https:\/\/elmetalplus.az\/ge\/wp-json\/wp\/v2\/pages\/110\/revisions\/885"}],"wp:attachment":[{"href":"https:\/\/elmetalplus.az\/ge\/wp-json\/wp\/v2\/media?parent=110"}],"curies":[{"name":"wp","href":"https:\/\/api.w.org\/{rel}","templated":true}]}}